{"id":14,"date":"2012-03-07T13:39:19","date_gmt":"2012-03-07T11:39:19","guid":{"rendered":"http:\/\/itnt.lv\/a\/?page_id=14"},"modified":"2023-09-30T20:57:57","modified_gmt":"2023-09-30T17:57:57","slug":"doktoranturas-celvedis","status":"publish","type":"page","link":"https:\/\/jauniezinatnieki.lv\/en\/resursi\/doktoranturas-celvedis\/","title":{"rendered":"Doctoral guide"},"content":{"rendered":"<p><span style=\"font-weight: 400;\">When you embark on your doctoral studies, you join a team dedicated to comprehending the pressing issues of our society and actively working towards their resolution. It's important to acknowledge that the nature of doctoral studies and the experiences involved can differ across universities. Moreover, upon successful completion of your doctoral degree, you will have the opportunity to foster your professional growth in both academic settings and diverse sectors such as corporations, government entities, and nonprofit organizations. Take the initiative to discover your path and make a meaningful impact!<\/span><\/p>\n<p><em><a href=\"https:\/\/jauniezinatnieki.lv\/wp-content\/uploads\/2023\/08\/DoktoranturasCelvedis_22.07.2023.pdf\">Doktorant\u016bras ce\u013cve\u017ea buklets<\/a><\/em><\/p>\n<h3><b>Preparing for Doctoral Studies\u00a0<\/b><\/h3>\n<ul>\n<li aria-level=\"1\" class=\"translation-block\"><b>Noskaidro, kas ir aktu\u0101ls Tevi interes\u0113jo\u0161\u0101 p\u0113tniec\u012bbas nozar\u0113.<\/b><span style=\"font-weight: 400;\"> P\u0113t\u012bjuma ideju un p\u0113c\u0101k ar\u012b t\u0113mu noformul\u0113t var b\u016bt izaicino\u0161i. Uzzini par priorit\u0101rajiem virzieniem zin\u0101tn\u0113 un aktualit\u0101t\u0113m nozar\u0113. Iedvesmu var g\u016bt ar\u012b konferenc\u0113s un citos zin\u0101tniskajos pas\u0101kumos. Turkl\u0101t atceries las\u012bt jaun\u0101kos zin\u0101tniskus rakstus.<\/span><\/li>\n<li aria-level=\"1\"><b>Izv\u0113lies studiju programmu.<\/b> Doktorant\u016bras studij\u0101m pieteikties vari Latvij\u0101 vai \u0101rvalst\u012bs. Izp\u0113ti pied\u0101v\u0101t\u0101s studiju programmas atbilsto\u0161i nozarei, noskaidro uz\u0146em\u0161anas krit\u0113rijus un nepiecie\u0161amo dokument\u0101ciju. Katrai programmai var b\u016bt at\u0161\u0137ir\u012bgi nosac\u012bjumi, lai ieg\u016btu doktora gr\u0101du.<\/li>\n<li aria-level=\"1\"><b>Atrodi promocijas darba vad\u012bt\u0101ju.<\/b> Doktorant\u016bra no ma\u0123istra studij\u0101m at\u0161\u0137iras ar to, ka darba vad\u012bt\u0101ju Tu satiec pirms studiju uzs\u0101k\u0161anas. Par to, k\u0101 izv\u0113l\u0113ties darba vad\u012bt\u0101ju, vair\u0101k lasi n\u0101kamaj\u0101 sada\u013c\u0101.<\/li>\n<li><b>Izstr\u0101d\u0101 un aizst\u0101vi pieteikumu. <\/b>Sadarb\u012bb\u0101 ar darba vad\u012bt\u0101ju, izstr\u0101d\u0101 promocijas darba pieteikumu, kur\u0101 tiek iek\u013cauta t\u0113ma, m\u0113r\u0137is, hipot\u0113zes, p\u0113t\u012bjuma novit\u0101te, teoriju un meto\u017eu apraksts. P\u0113tniec\u012bbas gait\u0101 nereti rodas nepl\u0101noti izaicin\u0101jumi, bet, jau pieteikumu izstr\u0101d\u0101jot, j\u0101b\u016bt v\u012bzijai, kas var\u0113tu sag\u0101d\u0101t liel\u0101k\u0101s gr\u016bt\u012bbas un k\u0101 t\u0101s tiks risin\u0101tas. Katras programmas pieteikuma veidlapa var at\u0161\u0137irties, t\u0101p\u0113c par to interes\u0113jies sav\u0101 studiju programm\u0101.<\/li>\n<\/ul>\n<p>&nbsp;<\/p>\n<h3><b>K\u0101 izv\u0113l\u0113ties promocijas darba vad\u012bt\u0101ju?<\/b><\/h3>\n<ul>\n<li aria-level=\"1\"><b>Darba vad\u012bt\u0101ja ekspert\u012bze. <\/b>Izp\u0113ti, k\u0101das ir potenci\u0101l\u0101 darba vad\u012bt\u0101ja galven\u0101s p\u0113t\u012bjumu t\u0113mas un zin\u0101tnisk\u0101s intereses. \u0145em v\u0113r\u0101, ka da\u017e\u0101s Latvijas augstskol\u0101s doktora darba vad\u012bt\u0101jam j\u0101b\u016bt Latvijas Zin\u0101tnes padomes ekspertam.<\/li>\n<li aria-level=\"1\"><b>Darba vad\u012bt\u0101ja reput\u0101cija. <\/b>Uzzini, vai potenci\u0101lajam darba vad\u012bt\u0101jam ir jaunas zin\u0101tnisk\u0101s publik\u0101cijas izv\u0113l\u0113taj\u0101 t\u0113m\u0101 un starptautiskie sadarb\u012bbas partneri. \u0160\u0101du inform\u0101ciju var atrast <i>Google Scholar<\/i>, <i>Web of Science<\/i>, <i>Scopus un ResearchGate <\/i>vai cit\u0101 Tav\u0101 nozar\u0113 noz\u012bm\u012bg\u0101 datu b\u0101z\u0113. Noskaidro, vai potenci\u0101lais darba vad\u012bt\u0101js piedal\u0101s starptautisk\u0101s zin\u0101tniskaj\u0101s konferenc\u0113s un iev\u0113ro akad\u0113misk\u0101 god\u012bguma principus. Ja ir iesp\u0113ja, ieg\u016bsti atsauksmes, piem\u0113ram, sazinies ar eso\u0161ajiem vai biju\u0161ajiem doktorantiem.<\/li>\n<li><b>Sarun\u0101 tik\u0161anos ar potenci\u0101lo darba vad\u012bt\u0101ju<\/b>. P\u0101rrun\u0101 aktu\u0101l\u0101s zin\u0101tnisk\u0101s intereses un p\u0113tniec\u012bbas t\u0113mas. Turkl\u0101t noskaidro, vai potenci\u0101lais darba vad\u012bt\u0101js \u0161obr\u012bd ir iesaist\u012bts k\u0101d\u0101 zin\u0101tniskaj\u0101 projekt\u0101, p\u0101rrun\u0101 savas iesp\u0113jas l\u012bdzdarboties un izstr\u0101d\u0101t promocijas darbu noteikta projekta ietvaros. Uzzini, vai b\u016bs pieejams finans\u0113jums starptautisku zin\u0101tnisku konferen\u010du apmekl\u0113\u0161anai, zin\u0101tnisku rakstu public\u0113\u0161anas izmaksu seg\u0161anai un p\u0113t\u012bjumam nepiecie\u0161amo datu ieguvei.<\/li>\n<\/ul>\n<p>&nbsp;<\/p>\n<h3><b>K\u0101 veiksm\u012bgi uzs\u0101kt doktorant\u016bru?\u00a0<\/b><\/h3>\n<ul>\n<li aria-level=\"1\"><b>Vienojies ar darba vad\u012bt\u0101ju par sadarb\u012bbas formu<\/b>. Saska\u0146ojiet komunik\u0101cijas kan\u0101lus, tik\u0161an\u0101s regularit\u0101ti, izveidojiet darba pl\u0101nu un nosakiet termi\u0146us. Esi akt\u012bvs, uz\u0146emies atbild\u012bbu par sava projekta virz\u012bbu un veido cie\u0146pilnas attiec\u012bbas. \u0145em v\u0113r\u0101, ka pras\u012bbas promocijas darba apjomam, strukt\u016brai un noform\u0113jumam nosaka attiec\u012bg\u0101 programma \u2013 preciz\u0113 \u0161o inform\u0101ciju.<\/li>\n<li aria-level=\"1\"><b>Noskaidro, k\u0101di studiju kursi ir j\u0101apg\u016bst un j\u0101doc\u0113.<\/b> Noskaidro jau laikus, vai doc\u0113\u0161ana b\u016bs atalgota un k\u0101da b\u016bs paredzam\u0101 slodze. Turkl\u0101t ir svar\u012bgi uzzin\u0101t, k\u0101dus eks\u0101menus ir nepiecie\u0161ams nok\u0101rtot, lai pabeigtu doktorant\u016bras studijas.<\/li>\n<li aria-level=\"1\"><b>Att\u012bsti un regul\u0101ri pilnveido savas zin\u0101tnisk\u0101s rakst\u012b\u0161anas prasmes<\/b>. Ja ir iesp\u0113jams, apmekl\u0113 akad\u0113misk\u0101s rakst\u012b\u0161anas kursus, piedalies koprakst\u012b\u0161anas sesij\u0101s. Apzini un atbild\u012bgi izmanto jaun\u0101kos Inform\u0101cijas tehnolo\u0123iju r\u012bkus, kas var pal\u012bdz\u0113t rakst\u012b\u0161anas proces\u0101. Tie ir atsau\u010du format\u0113\u0161anas r\u012bki (piem\u0113ram, <i>Mendeley<\/i>, <i>Zotero<\/i>, <i>EndNote<\/i>), rakst\u012b\u0161anas uzlabo\u0161anas r\u012bki (piem\u0113ram, <i>Grammarly<\/i>, <i>ChatGPT<\/i>), inform\u0101cijas atlases un mekl\u0113\u0161anas r\u012bki (piem\u0113ram, <i>Research Rabbit<\/i>) u.c.<\/li>\n<li><b>Raksti un public\u0113 rakstus savai zin\u0101t\u0146u jomai atbilsto\u0161os izdevumos.<\/b> Zin\u0101tnisko rakstu izstr\u0101de un public\u0113\u0161ana ir oblig\u0101ta doktoranta ikdienas sast\u0101vda\u013ca. Lai veiksm\u012bg\u0101k \u0161o darbu izpild\u012btu, ir svar\u012bgi piev\u0113rst uzman\u012bbu \u017eurn\u0101la izv\u0113lei. Pamatkrit\u0113riji \u017eurn\u0101la izv\u0113lei ietver \u017eurn\u0101la indeks\u0101ciju datu b\u0101z\u0113 (piem\u0113ram, <i>Scopus<\/i>, <i>Web of Science<\/i>, <i>ERIH+<\/i>), \u017eurn\u0101la ietekmes faktoru un cit\u0113jam\u012bbas indeksu, k\u0101 ar\u012b noraid\u012bto rakstu \u012bpatsvaru. Piev\u0113rs uzman\u012bbu ar\u012b tam, vai \u017eurn\u0101ls pied\u0101v\u0101 atv\u0113rto vai sl\u0113gto piek\u013cuvi \u2013 tas var noteikt gan publik\u0101cijas izmaksas (atv\u0113rt\u0101s piek\u013cuves iesp\u0113ja bie\u017ei vien ietver raksta apstr\u0101des maksu), gan ietekm\u0113t raksta pie\u0146em\u0161anas \u0101trumu. Esi piesardz\u012bgs \u017eurn\u0101la izv\u0113l\u0113, jo ar\u012b akad\u0113miskaj\u0101 vid\u0113 ros\u0101s kr\u0101pnieki, kuri pied\u0101v\u0101 \u0101tri public\u0113t rakstu \u017eurn\u0101l\u0101 ar atv\u0113rto piek\u013cuvi. \u0160\u0101dus \u017eurn\u0101lus sauc par pl\u0113so\u0146\u017eurn\u0101liem un tie nereti izv\u0113las nosaukumu, kas l\u012bdz\u012bgs labiem un atz\u012btiem \u017eurn\u0101liem, t\u0101d\u0113\u013c ir v\u0113rts p\u0101rliecin\u0101ties par izv\u0113l\u0113t\u0101 \u017eurn\u0101la kvalit\u0101ti da\u017e\u0101dos katalogos, piem\u0113ram, <a href=\"http:\/\/doaj.org\"><i>Directory of Open Access Journals <\/i><\/a>\u00a0un <a href=\"https:\/\/www.scimagojr.com\/\"><i>SCImago<\/i><\/a>. Lai nodro\u0161in\u0101tu to, ka Tavas publik\u0101cijas vienm\u0113r tiek sasaist\u012btas ar Tevi, ieteicams izveidot ar\u012b savu unik\u0101lo <a href=\"https:\/\/orcid.org\/\"><i>ORCID<\/i><\/a> identifik\u0101cijas kodu.<\/li>\n<li><b>Izveido un uzturi p\u0113tnieka dienasgr\u0101matu<\/b>. Atz\u012bm\u0113, kas ir paveikts, reflekt\u0113 par to, kas ir un nav izdevies, ko jaunu iem\u0101c\u012bjies, izvirzi n\u0101kamos paveicamos m\u0113r\u0137us un uzdevumus. \u0160\u0101da dienasgr\u0101mata pal\u012bdz\u0113s sekot l\u012bdzi progresam, m\u0101c\u012bties no k\u013c\u016bd\u0101m un m\u0113r\u0137tiec\u012bgi virz\u012bties uz priek\u0161u. Papildus vari izmantot ar\u012b k\u0101du no laika pl\u0101no\u0161anas un struktur\u0113\u0161anas r\u012bkiem, piem\u0113ram, <a href=\"https:\/\/www.pacemaker.press\/\"><i>Pacemaker <\/i><\/a>pl\u0101not\u0101ju.<\/li>\n<\/ul>\n<p>&nbsp;<\/p>\n<h3><b>K\u0101 pan\u0101kt uzr\u0101vienu doktorant\u016br\u0101?<\/b><span style=\"font-weight: 400;\">\u00a0<\/span><\/h3>\n<p>Profesion\u0101lo kontaktu loka veido\u0161ana un uztur\u0113\u0161ana, k\u0101 ar\u012b atpaz\u012bstam\u012bbas veicin\u0101\u0161ana pal\u012bdz\u0113s Tev piln\u0101 m\u0113r\u0101 sasniegt savu p\u0113tnieka potenci\u0101lu. K\u0101? Skaties zem\u0101k.<\/p>\n<ul>\n<li><b>Izveido un uzturi profesion\u0101lo profilu soci\u0101lajos t\u012bklos.<\/b> Ja v\u0113l neizmanto soci\u0101lo mediju platformas darba un p\u0113tniec\u012bbas vajadz\u012bb\u0101m, apsver iesp\u0113ju izveidot savu profesion\u0101lo profilu. Zin\u0101tnieki un p\u0113tnieki izmanto soci\u0101lo mediju platformas, lai dal\u012btos ar sav\u0101m atzi\u0146\u0101m un p\u0113t\u012bjumu rezult\u0101tiem, sazin\u0101tos ar kol\u0113\u0123iem un uzzin\u0101tu par aktualit\u0101t\u0113m. Piem\u0113ri \u0161\u012bm platform\u0101m ir <i>ResearchGate<\/i>, <i>Twitter<\/i> un <i>LinkedIn<\/i>. Turkl\u0101t vari izveidot savu m\u0101jaslapu vai blogu. Regul\u0101ri atjauno inform\u0101ciju savos profilos, lai tie satur\u0113tu jaun\u0101ko inform\u0101ciju par darba pieredzi, izgl\u012bt\u012bbu u.c. aktualit\u0101t\u0113m.<\/li>\n<li><b>Iesaisties profesion\u0101laj\u0101s biedr\u012bb\u0101s. <\/b>Apzini noz\u012bm\u012bg\u0101k\u0101s biedr\u012bbas sav\u0101 jom\u0101, tostarp ar\u012b starptautisk\u0101s, un iesaisties to darb\u012bb\u0101. \u0160aj\u0101s biedr\u012bb\u0101s Tev ir iesp\u0113ja sa\u0146emt grantus dal\u012bbai konferenc\u0113s, stipendijas, k\u0101 ar\u012b papla\u0161in\u0101t savu kontaktu loku un atrast jaunus sadarb\u012bbas partnerus. Apsver iesp\u0113ju iesaist\u012bties LJZA. T\u0101 ir \u0161obr\u012bd vien\u012bg\u0101 organiz\u0101cija Latvij\u0101, kas apvieno jaunos zin\u0101tniekus un doktorantus no da\u017e\u0101d\u0101m nozar\u0113m. LJZA biedri p\u0101rst\u0101v un aizst\u0101v savas un citu doktorantu intereses, l\u012bdzdarbojoties zin\u0101tnes att\u012bst\u012bb\u0101 Latvij\u0101 un apmainoties pieredz\u0113 ar doktorantiem un citiem jaunajiem zin\u0101tniekiem, t\u0101d\u0113j\u0101di ieg\u016bstot daudzpus\u012bgu priek\u0161statu par doktorant\u016bras norisi, sav\u0101m iesp\u0113j\u0101m un ties\u012bb\u0101m.<\/li>\n<li><b>Piesakies stipendij\u0101m un apbalvojumiem<\/b>. Doktorantiem ir pieejamas da\u017e\u0101das augstskolas, valsts un starptautiska m\u0113roga stipendijas un apbalvojumi. Noskaidro, k\u0101di ir pieteik\u0161an\u0101s nosac\u012bjumi un v\u0113rt\u0113\u0161anas krit\u0113riji, sagatavojies un izmanto iesp\u0113jas. \u0145em v\u0113r\u0101, ka nereti nepiecie\u0161ama vismaz viena rekomend\u0101cijas v\u0113stule. T\u0101d\u0113\u013c par saviem pl\u0101niem ir v\u0113rts laic\u012bgi vienoties ar darba vad\u012bt\u0101ju. Nep\u0101rdz\u012bvo, ja neieg\u016bsi stipendiju uzreiz. Uzlabo pieteikumu un iesniedz atk\u0101rtoti.<\/li>\n<li><b>Zin\u0101tnisko rakstu recenz\u0113\u0161ana<\/b>. Da\u017e\u0101s nozar\u0113s doktorantiem ir iesp\u0113ja k\u013c\u016bt par zin\u0101tnisko rakstu recenzentiem. Zin\u0101tnisko publik\u0101ciju recenz\u0113\u0161ana ir v\u0113rt\u012bga iesp\u0113ja uzlabot savas zin\u0101tnisk\u0101s rakst\u012b\u0161anas prasmes, iem\u0101c\u012bties sniegt konstrukt\u012bvu atgriezenisko saiti, k\u0101 ar\u012b uzzin\u0101t par jaun\u0101kaj\u0101m tendenc\u0113m Tav\u0101 p\u0113tniec\u012bbas jom\u0101. Daudzos akad\u0113miskajos \u017eurn\u0101los ir iesp\u0113ja re\u0123istr\u0113ties ne tikai k\u0101 raksta autoram, bet ar\u012b k\u0101 potenci\u0101lajam recenzentam (ta\u010du \u0146em v\u0113r\u0101, ka tas ir atkar\u012bgs no konkr\u0113ta \u017eurn\u0101la nosac\u012bjumiem). Turkl\u0101t recenz\u0113\u0161anas prasmes vari apg\u016bt kursos. Ir v\u0113rts nor\u0101d\u012bt kuros \u017eurn\u0101los esi recenz\u0113jis, k\u0101 ar\u012b recenziju skaitu, lai p\u0113c tam \u0161o inform\u0101ciju pievienotu savam akad\u0113miskajam <i>CV<\/i>. Mekl\u0113jot potenci\u0101los kol\u0113\u0123us un izskatot projekta pieteikumus, t\u0101 sauktais \u201c<i>service to the field<\/i>\u201d var tikt augsti nov\u0113rt\u0113ts. Viens no veidiem, k\u0101 \u0161o uzskaiti veikt autom\u0101tiski, ir izveidot profilu <em><a href=\"https:\/\/access.clarivate.com\/login?app=wos\">Clarivate<\/a><\/em>.<\/li>\n<li><b>Prasmju pilnveido\u0161anas pas\u0101kumi. <\/b>Tajos ietilpst akad\u0113misko prasmju darbn\u012bcas, semin\u0101ri, vasaras skolas par doktorantiem un jaunajiem zin\u0101tniekiem aktu\u0101l\u0101m t\u0113m\u0101m. T\u0101 ir iesp\u0113ja topo\u0161ajiem zin\u0101tniekiem draudz\u012bg\u0101 atmosf\u0113r\u0101 iepaz\u012bstin\u0101t citus zin\u0101tniekus ar savu p\u0113t\u012bjumu, att\u012bst\u012bt sadarb\u012bbu ar citiem doktorantiem un p\u0113tniekiem, k\u0101 ar\u012b uzzin\u0101t par vi\u0146u p\u0113tniec\u012bbas un studiju pieredzi.<\/li>\n<li><b>Pieredzes apmai\u0146as viz\u012btes <\/b>\u0101rvalstu augstskol\u0101s un p\u0113tniec\u012bbas instit\u016btos doktorantiem \u013cauj iepaz\u012bt studiju un p\u0113tniec\u012bbas vidi citviet pasaul\u0113. T\u0101d\u0113j\u0101di vari papla\u0161in\u0101t savas p\u0113tniec\u012bbas iesp\u0113jas un veicin\u0101t sadarb\u012bbu ar \u0101rvalstu p\u0113tniekiem.\u00a0 Piem\u0113ri starptautisk\u0101s apmai\u0146as programm\u0101m ir COST, Erasmus+, u.c. P\u0101rrun\u0101 \u0161\u0101das iesp\u0113jas ar savu promocijas darba vad\u012bt\u0101ju.<\/li>\n<li><b>Pas\u0101kumi un konkursi<\/b>. Doktoranti var populariz\u0113t savu p\u0113tniec\u012bbas t\u0113mu, veicin\u0101t sabiedr\u012bbas izgl\u012bto\u0161anu un g\u016bt atzin\u012bbu. Iesaisties da\u017e\u0101d\u0101s aktivit\u0101t\u0113s, k\u0101, piem\u0113ram, zin\u0101tni populariz\u0113jo\u0161o pas\u0101kumu organiz\u0113\u0161ana, doktorant\u016bras p\u0113t\u012bjumu konkursi u.c. T\u0101d\u0113j\u0101di Tu vari att\u012bst\u012bt p\u0113tniekam b\u016btiskas prasmes, piem\u0113ram, zin\u0101tnes komunik\u0101cija, finan\u0161u un citu resursu piesaiste, darba pl\u0101no\u0161ana, sp\u0113ja sadarboties un sasniegt rezult\u0101tus, str\u0101d\u0101jot daudzveid\u012bg\u0101s komand\u0101s.<\/li>\n<\/ul>\n<p>&nbsp;<\/p>\n<h3><b>K\u0101 pabeigt doktorant\u016bru un ieg\u016bt doktora gr\u0101du?<\/b><\/h3>\n<p>Doktorant\u016bras studijas veido divi b\u016btiski posmi: <b>doktora studiju programmas (DSP) akad\u0113misk\u0101s da\u013cas apg\u016b\u0161ana<\/b> un <b>promocija<\/b>, kas ietver zin\u0101tnisk\u0101 darba aizst\u0101v\u0113\u0161anu un zin\u0101tnes doktora gr\u0101da pie\u0161\u0137ir\u0161anu. DSP akad\u0113misk\u0101 da\u013ca ietver, pirmk\u0101rt, pa\u0161a promocijas darba izstr\u0101di un, otrk\u0101rt, da\u017e\u0101du kursu apg\u016b\u0161anu, eks\u0101menu k\u0101rto\u0161anu, dal\u012bbu konferenc\u0113s, zin\u0101tnisko rakstu rakst\u012b\u0161anu un public\u0113\u0161anu, studiju kursu asist\u0113\u0161anu, studentu nosl\u0113guma darbu vad\u012b\u0161anu, k\u0101 ar\u012b doktorant\u016bras skolu apmekl\u0113\u0161anu. Akad\u0113misk\u0101 da\u013ca var at\u0161\u0137irties da\u017e\u0101d\u0101s studiju programm\u0101s.<\/p>\n<p>Veiksm\u012bgi nok\u0101rtojot DSP akad\u0113misko da\u013cu, Tu sagatavo un iesniedz promocijas darbu un citus nepiecie\u0161amos dokumentus augstskolas attiec\u012bg\u0101s nozares zin\u0101tniskajai padomei. Par nepiecie\u0161amajiem dokumentiem interes\u0113jies sav\u0101 augstskol\u0101. Zin\u0101tnisk\u0101 padome izskata promocijas darba atbilst\u012bbu publiskai aizst\u0101v\u0113\u0161anai. Ja atbilde ir pozit\u012bva, tad promocijas darbs tiek nodots recenzentiem, kas izv\u0113rt\u0113 promocijas darbu un sagatavo recenzijas. Ja recenzentu l\u0113mums at\u013caut aizst\u0101v\u0113t promocijas darbu ir apstiprino\u0161s, tad promocijas darbs tiek virz\u012bts publiskai aizst\u0101v\u0113\u0161anai. Sekm\u012bgi aizst\u0101vot promocijas darbu, Tev tiek pie\u0161\u0137irts zin\u0101tnes doktora gr\u0101ds.<\/p>\n<p>Tici, \u0161is kalns ir p\u0101rvarams. <b>\u012asum\u0101, ce\u013c\u0161 izskat\u012bsies \u0161\u0101di:<\/b><\/p>\n<ul>\n<li aria-level=\"1\">Nok\u0101rto doktora studiju darba pl\u0101n\u0101 paredz\u0113tos eks\u0101menus un ieskaites, paral\u0113li str\u0101d\u0101 pie promocijas darba izstr\u0101des.<\/li>\n<li aria-level=\"1\">Izstr\u0101d\u0101to promocijas darbu (disert\u0101ciju, monogr\u0101fiju vai publik\u0101ciju kopu) iesniedz savas augstskolas attiec\u012bg\u0101s nozares Promocijas padom\u0113.<\/li>\n<li aria-level=\"1\">Tavs promocijas darbs p\u0113c apstiprin\u0101\u0161anas non\u0101ks Latvijas Zin\u0101t\u0146u akad\u0113mij\u0101, kur to caurskat\u012bs recenzents un pie\u0146ems l\u0113mumu par darba atbilst\u012bbu.<\/li>\n<li aria-level=\"1\">Publiski aizst\u0101vi promocijas darbu un ieg\u016bsti doktora zin\u0101tnisko gr\u0101du.<\/li>\n<\/ul>\n<p><b>Seko l\u012bdzi aktu\u0101lajiem dokumentiem<\/b> (noteikumi, nolikumi) par doktorant\u016bru sav\u0101 augstskol\u0101, k\u0101 ar\u012b Latvijas Republikas ties\u012bbu aktiem un noteikumiem, kas saist\u012bti ar doktorant\u016bras studij\u0101m:<\/p>\n<ul>\n<li aria-level=\"1\"><em><a href=\"https:\/\/likumi.lv\/ta\/id\/124787-zinatniska-doktora-grada-pieskirsanas-promocijas-kartiba-un-kriteriji\">Ministru kabineta noteikumi Nr. 1001<\/a> <\/em>par zin\u0101tnisk\u0101 doktora gr\u0101da pie\u0161\u0137ir\u0161anas (promocijas) k\u0101rt\u012bbu un krit\u0113rijiem<\/li>\n<li aria-level=\"1\"><em><a href=\"https:\/\/likumi.lv\/doc.php?id=107337\">Zin\u0101tnisk\u0101s darb\u012bbas likums<\/a><\/em><\/li>\n<\/ul>\n<p>&nbsp;<\/p>\n<h3><b>V\u0113rt\u012bgi zin\u0101t<\/b><\/h3>\n<ul>\n<li aria-level=\"1\">Doktorant\u016bra \u2013 vienota doktora studiju programmas apguves, promocijas darba, k\u0101 ar\u012b doktora teor\u0113tisk\u0101 p\u0113t\u012bjuma un m\u0101ksliniecisk\u0101s jaunrades darba izstr\u0101des un promocijas procesa \u012bsteno\u0161ana, kas var rezult\u0113ties ar doktora gr\u0101da ieg\u016b\u0161anu.<\/li>\n<li aria-level=\"1\">Doktorants \u2013 persona, kas imatrikul\u0113ta doktora studiju programm\u0101 un apg\u016bst doktora studiju programmu.<\/li>\n<\/ul>\n<p>&nbsp;<\/p>\n<h3><b>Akad\u0113miskie amati:<\/b><\/h3>\n<ul>\n<li aria-level=\"1\">asistents<\/li>\n<li aria-level=\"1\">lektors<\/li>\n<li aria-level=\"1\">docents<\/li>\n<li aria-level=\"1\">asoci\u0113tais profesors<\/li>\n<li aria-level=\"1\">profesors<\/li>\n<\/ul>\n<p>&nbsp;<\/p>\n<h3><b>Zin\u0101tniskie amati:<\/b><\/h3>\n<ul>\n<li aria-level=\"1\">zin\u0101tniskais asistents<\/li>\n<li aria-level=\"1\">p\u0113tnieks<\/li>\n<li aria-level=\"1\">vado\u0161ais p\u0113tnieks<\/li>\n<\/ul>\n<p>&nbsp;<\/p>\n<p>P\u0113tniec\u012bbas instit\u016btos eksist\u0113 tikai zin\u0101tniskie amati. Augstskol\u0101s liel\u0101kajai da\u013cai darbinieku ir divi amati \u2013 viens ir akad\u0113miskais un otrs ir p\u0113tnieciskais. Akad\u0113miskais amats ietver studiju kursu doc\u0113\u0161anu un administrat\u012bvo darbu, savuk\u0101rt zin\u0101tniskais amats \u2013 galvenok\u0101rt p\u0113tniec\u012bbu zin\u0101tniskajos projektos. Proti, lekcijas tiek vad\u012btas ar akad\u0113misk\u0101 amata cepuri. Savuk\u0101rt darbs p\u0113tniec\u012bbas projekt\u0101 tiek veitks ar zin\u0101tnisk\u0101 amata cepuri. Katram amata veidam var b\u016bt at\u0161\u0137ir\u012bga stundas likme. Akad\u0113miskajam person\u0101lam minim\u0101l\u0101 amata stundas likme ir noteikta Ministru kabineta noteikumos. Zin\u0101tniskajam person\u0101lam amata stundas likmes nosaka pa\u0161as instit\u016bcijas. Parasti t\u0101s nosaka ieteicam\u0101s likmes, bet nebaidies pras\u012bt vair\u0101k, iepriek\u0161 sagatavojot labus argumentus.<\/p>\n<p>&nbsp;<\/p>\n<h3><b>Noder\u012bgas saites<\/b><\/h3>\n<ul>\n<li aria-level=\"1\">Re\u0123istr\u0113jies zin\u0101tnieku platform\u0101s: <em><a href=\"https:\/\/orcid.org\/\">ORCID<\/a><\/em>, <em><a href=\"https:\/\/www.researchgate.net\/\">ResearchGate<\/a><\/em>, <a href=\"https:\/\/scholar.google.com\/\"><em>Google Scholar<\/em><\/a><\/li>\n<li aria-level=\"1\">LJZA m\u0101jaslapa <em><a href=\"https:\/\/jauniezinatnieki.lv\/en\/\">https:\/\/jauniezinatnieki.lv<\/a><\/em><\/li>\n<li aria-level=\"1\"><em><a href=\"https:\/\/www.facebook.com\/groups\/229834274189859\/\">Facebook Grupa doktorantiem<\/a><\/em>, kur\u0101 iesp\u0113jams dal\u012bties ar studiju pieredzi da\u017e\u0101d\u0101s augstskol\u0101s, iesp\u0113j\u0101m u.tml.<\/li>\n<li aria-level=\"1\"><em><a href=\"https:\/\/www.nature.com\/nature\/articles?type=career-column\">Nature Career Column<\/a><\/em>, kur\u0101 public\u0113ti da\u017e\u0101di raksti par akad\u0113misko karjeru un t\u0101s izaicin\u0101jumiem, zin\u0101tnieku pieredzes st\u0101stiem u.tml.<\/li>\n<li aria-level=\"1\"><em><a href=\"https:\/\/marie-sklodowska-curie-actions.ec.europa.eu\/\">Marie Sk\u0142odowska-Curie Actions<\/a><\/em><\/li>\n<li aria-level=\"1\"><em><a href=\"https:\/\/lv.usembassy.gov\/lv\/education-culture-lv\/fulbright-program-lv\/students-lv\/\">Fulbright scholarship<\/a><\/em><\/li>\n<li aria-level=\"1\">The European Cooperation in Science and Technology <em><a href=\"https:\/\/www.cost.eu\/\">EU COST actions<\/a><\/em><\/li>\n<\/ul>\n<p>&nbsp;<\/p>\n<p>Materi\u0101lu izstr\u0101d\u0101ja Latvijas Jauno zin\u0101tnieku apvien\u012bba ar Sabiedr\u012bbas integr\u0101cijas fonda finansi\u0101lu atbalstu no Latvijas valsts bud\u017eeta l\u012bdzek\u013ciem.<\/p>\n<p>&nbsp;<\/p>","protected":false},"excerpt":{"rendered":"<p>Iest\u0101joties doktorant\u016br\u0101, Tu k\u013c\u016bsti par da\u013cu no komandas, kura str\u0101d\u0101 ar m\u0113r\u0137i izprast aktu\u0101los izaicin\u0101jumus sabiedr\u012bb\u0101 un sniegt savu ieguld\u012bjumu to risin\u0101\u0161an\u0101. \u0145em v\u0113r\u0101, ka doktorant\u016bras studijas un pieredze da\u017e\u0101d\u0101s augstskol\u0101s var b\u016bt at\u0161\u0137ir\u012bga. Turkl\u0101t p\u0113c doktora gr\u0101da ieg\u016b\u0161anas Tu vari sevi profesion\u0101li att\u012bst\u012bt gan akad\u0113miskaj\u0101 vid\u0113, gan da\u017e\u0101dos uz\u0146\u0113mumos, valsts iest\u0101d\u0113s un organiz\u0101cij\u0101s. Atrodi [&hellip;]<\/p>","protected":false},"author":1,"featured_media":6887,"parent":4462,"menu_order":0,"comment_status":"closed","ping_status":"closed","template":"","meta":{"_acf_changed":false,"footnotes":""},"class_list":["post-14","page","type-page","status-publish","has-post-thumbnail","hentry"],"acf":[],"_links":{"self":[{"href":"https:\/\/jauniezinatnieki.lv\/en\/wp-json\/wp\/v2\/pages\/14","targetHints":{"allow":["GET"]}}],"collection":[{"href":"https:\/\/jauniezinatnieki.lv\/en\/wp-json\/wp\/v2\/pages"}],"about":[{"href":"https:\/\/jauniezinatnieki.lv\/en\/wp-json\/wp\/v2\/types\/page"}],"author":[{"embeddable":true,"href":"https:\/\/jauniezinatnieki.lv\/en\/wp-json\/wp\/v2\/users\/1"}],"replies":[{"embeddable":true,"href":"https:\/\/jauniezinatnieki.lv\/en\/wp-json\/wp\/v2\/comments?post=14"}],"version-history":[{"count":5,"href":"https:\/\/jauniezinatnieki.lv\/en\/wp-json\/wp\/v2\/pages\/14\/revisions"}],"predecessor-version":[{"id":6811,"href":"https:\/\/jauniezinatnieki.lv\/en\/wp-json\/wp\/v2\/pages\/14\/revisions\/6811"}],"up":[{"embeddable":true,"href":"https:\/\/jauniezinatnieki.lv\/en\/wp-json\/wp\/v2\/pages\/4462"}],"wp:featuredmedia":[{"embeddable":true,"href":"https:\/\/jauniezinatnieki.lv\/en\/wp-json\/wp\/v2\/media\/6887"}],"wp:attachment":[{"href":"https:\/\/jauniezinatnieki.lv\/en\/wp-json\/wp\/v2\/media?parent=14"}],"curies":[{"name":"wp","href":"https:\/\/api.w.org\/{rel}","templated":true}]}}