{"id":40,"date":"2012-03-07T14:14:21","date_gmt":"2012-03-07T12:14:21","guid":{"rendered":"http:\/\/itnt.lv\/a\/?p=40"},"modified":"2019-04-14T09:33:16","modified_gmt":"2019-04-14T07:33:16","slug":"projektu-darba-grupa","status":"publish","type":"page","link":"https:\/\/jauniezinatnieki.lv\/en\/ljza-darba-grupas\/projektu-darba-grupa\/","title":{"rendered":"Projektu darba grupa"},"content":{"rendered":"<p>Projektu darba grupa str\u0101d\u0101 pie finans\u0113juma piesaistes organiz\u0101cijai un soci\u0101lo m\u0113r\u0137u \u012bsteno\u0161anas. Grupas ietvaros var g\u016bt pieredzi projektu atlas\u0113, izstr\u0101d\u0113, \u012bsteno\u0161an\u0101 un vad\u012b\u0161an\u0101, k\u0101 ar\u012b rast iesp\u0113ju piepild\u012bt savus m\u0113r\u0137us, idejas, realiz\u0113t sevi saska\u0146\u0101 ar LJZA vadmot\u012bviem. Uz 2016. gada s\u0101kumu grup\u0101 darbojas se\u0161i biedri, kas darbojas ar vid\u0113jo efektivit\u0101ti divi projekti m\u0113nes\u012b.<\/p>\n<p>Grupas vad\u012bt\u0101js: Mikus Dubickis, e-pasts: dubickis.mikus (at) gmail.com<\/p>\n<p><img fetchpriority=\"high\" decoding=\"async\" src=\"http:\/\/ljza.lv\/wp-content\/uploads\/2012\/03\/Mikus-Dubickis-300x300.jpg\" alt=\"\" width=\"300\" height=\"300\" class=\"aligncenter size-medium wp-image-3147\" srcset=\"https:\/\/jauniezinatnieki.lv\/wp-content\/uploads\/2012\/03\/Mikus-Dubickis-300x300.jpg 300w, https:\/\/jauniezinatnieki.lv\/wp-content\/uploads\/2012\/03\/Mikus-Dubickis-150x150.jpg 150w, https:\/\/jauniezinatnieki.lv\/wp-content\/uploads\/2012\/03\/Mikus-Dubickis.jpg 512w\" sizes=\"(max-width: 300px) 100vw, 300px\" \/><\/p>","protected":false},"excerpt":{"rendered":"<p>Projektu darba grupa str\u0101d\u0101 pie finans\u0113juma piesaistes organiz\u0101cijai un soci\u0101lo m\u0113r\u0137u \u012bsteno\u0161anas. Grupas ietvaros var g\u016bt pieredzi projektu atlas\u0113, izstr\u0101d\u0113, \u012bsteno\u0161an\u0101 un vad\u012b\u0161an\u0101, k\u0101 ar\u012b rast iesp\u0113ju piepild\u012bt savus m\u0113r\u0137us, idejas, realiz\u0113t sevi saska\u0146\u0101 ar LJZA vadmot\u012bviem. Uz 2016. gada s\u0101kumu grup\u0101 darbojas se\u0161i biedri, kas darbojas ar vid\u0113jo efektivit\u0101ti divi projekti m\u0113nes\u012b. Grupas vad\u012bt\u0101js: [&hellip;]<\/p>","protected":false},"author":1,"featured_media":0,"parent":11,"menu_order":1,"comment_status":"open","ping_status":"open","template":"","meta":{"_acf_changed":false,"footnotes":""},"class_list":["post-40","page","type-page","status-publish","hentry"],"acf":[],"_links":{"self":[{"href":"https:\/\/jauniezinatnieki.lv\/en\/wp-json\/wp\/v2\/pages\/40","targetHints":{"allow":["GET"]}}],"collection":[{"href":"https:\/\/jauniezinatnieki.lv\/en\/wp-json\/wp\/v2\/pages"}],"about":[{"href":"https:\/\/jauniezinatnieki.lv\/en\/wp-json\/wp\/v2\/types\/page"}],"author":[{"embeddable":true,"href":"https:\/\/jauniezinatnieki.lv\/en\/wp-json\/wp\/v2\/users\/1"}],"replies":[{"embeddable":true,"href":"https:\/\/jauniezinatnieki.lv\/en\/wp-json\/wp\/v2\/comments?post=40"}],"version-history":[{"count":0,"href":"https:\/\/jauniezinatnieki.lv\/en\/wp-json\/wp\/v2\/pages\/40\/revisions"}],"up":[{"embeddable":true,"href":"https:\/\/jauniezinatnieki.lv\/en\/wp-json\/wp\/v2\/pages\/11"}],"wp:attachment":[{"href":"https:\/\/jauniezinatnieki.lv\/en\/wp-json\/wp\/v2\/media?parent=40"}],"curies":[{"name":"wp","href":"https:\/\/api.w.org\/{rel}","templated":true}]}}