{"id":8525,"date":"2026-03-12T07:30:00","date_gmt":"2026-03-12T04:30:00","guid":{"rendered":"https:\/\/jauniezinatnieki.lv\/?page_id=8525"},"modified":"2026-03-12T07:44:00","modified_gmt":"2026-03-12T04:44:00","slug":"ljza-informativais-materials-2005-2025","status":"publish","type":"page","link":"https:\/\/jauniezinatnieki.lv\/en\/resursi\/ljza-informativais-materials-2005-2025\/","title":{"rendered":"LJZA Informat\u012bvais materi\u0101ls 2005-2025"},"content":{"rendered":"<div data-elementor-type=\"wp-page\" data-elementor-id=\"8525\" class=\"elementor elementor-8525\" data-elementor-post-type=\"page\">\n\t\t\t\t<div class=\"elementor-element elementor-element-69da664 e-flex e-con-boxed e-con e-parent\" data-id=\"69da664\" data-element_type=\"container\">\n\t\t\t\t\t<div class=\"e-con-inner\">\n\t\t\t\t<div class=\"elementor-element elementor-element-abbb90c elementor-widget elementor-widget-text-editor\" data-id=\"abbb90c\" data-element_type=\"widget\" data-widget_type=\"text-editor.default\">\n\t\t\t\t<div class=\"elementor-widget-container\">\n\t\t\t<style>\/*! elementor - v3.22.0 - 17-06-2024 *\/\n.elementor-widget-text-editor.elementor-drop-cap-view-stacked .elementor-drop-cap{background-color:#69727d;color:#fff}.elementor-widget-text-editor.elementor-drop-cap-view-framed .elementor-drop-cap{color:#69727d;border:3px solid;background-color:transparent}.elementor-widget-text-editor:not(.elementor-drop-cap-view-default) .elementor-drop-cap{margin-top:8px}.elementor-widget-text-editor:not(.elementor-drop-cap-view-default) .elementor-drop-cap-letter{width:1em;height:1em}.elementor-widget-text-editor .elementor-drop-cap{float:left;text-align:center;line-height:1;font-size:50px}.elementor-widget-text-editor .elementor-drop-cap-letter{display:inline-block}<\/style>\t\t\t\t<div class=\"elementor-element elementor-element-f6f5a7c elementor-widget elementor-widget-text-editor\" data-id=\"f6f5a7c\" data-element_type=\"widget\" data-widget_type=\"text-editor.default\"><div class=\"elementor-widget-container\"><h4>Atz\u012bm\u0113jot LJZA 20 gadu jubileju, izveidots informat\u012bvais materi\u0101ls par apvien\u012bbas v\u0113sturi un aktualit\u0101t\u0113m.<\/h4><p>Informat\u012bvaj\u0101 materi\u0101l\u0101 apkopota inform\u0101cija par noz\u012bm\u012bgiem pas\u0101kumiem, iniciat\u012bv\u0101m un p\u0101rst\u0101vniec\u012bbu LJZA darb\u012bbai tr\u012bs svar\u012bg\u0101s t\u0113m\u0101s:<\/p><ul><li>zin\u0101tnes r\u012bc\u012bbpolitika un doktorantu un jauno zin\u0101tnieku intere\u0161u aizst\u0101v\u012bba,<\/li><li>profesion\u0101l\u0101 pilnveide un kopienas veido\u0161ana,<\/li><li>komunik\u0101cija ar sabiedr\u012bbu par zin\u0101tni.<\/li><\/ul><p>Materi\u0101ls ir veidots, interv\u0113jot vair\u0101kus LJZA vecbiedrus un biedrus, kuri devu\u0161i b\u016btisku ieguld\u012bjumu LJZA darb\u012bb\u0101, izzinot vi\u0146u person\u012bgo pieredzi un pla\u0161\u0101ku redz\u0113jumu par Latvijas zin\u0101tnes vidi un LJZA lomu taj\u0101. Ar atzi\u0146\u0101m un pieredzi dal\u0101s\u00a0<strong>Oskars Teikmanis<\/strong>,\u00a0<strong>Inese Sviesti\u0146a<\/strong>,\u00a0<strong>Gatis Kr\u016bmi\u0146\u0161<\/strong>,\u00a0<strong>Egils Stalidz\u0101ns<\/strong>,\u00a0<strong>J\u0101nis Ja\u0161ko<\/strong>,\u00a0<strong>Guntars Kitenbergs<\/strong>,\u00a0<strong>Rasma P\u012bpi\u0137e<\/strong>,\u00a0<strong>Ieva Sili\u0146<\/strong>a un\u00a0<strong>Antra Bo\u010da<\/strong>.<\/p><\/div><\/div><div class=\"elementor-element elementor-element-be98c11 elementor-widget elementor-widget-text-editor\" data-id=\"be98c11\" data-element_type=\"widget\" data-widget_type=\"text-editor.default\"><div class=\"elementor-widget-container\"><p>Pilnas iz\u0161\u0137irtsp\u0113jas informat\u012bvo materi\u0101lu var lejupl\u0101d\u0113t\u00a0<a href=\"https:\/\/drive.google.com\/file\/d\/1iNeOYl_W35_3uWuIALwTW4UwD1wLbK1p\/view\" target=\"_blank\" rel=\"noopener\">\u0161eit<\/a><\/p><\/div><\/div>\t\t\t\t\t\t<\/div>\n\t\t\t\t<\/div>\n\t\t\t\t\t<\/div>\n\t\t\t\t<\/div>\n\t\t<div class=\"elementor-element elementor-element-0ef388a e-flex e-con-boxed e-con e-parent\" data-id=\"0ef388a\" data-element_type=\"container\">\n\t\t\t\t\t<div class=\"e-con-inner\">\n\t\t\t\t<div class=\"elementor-element elementor-element-73124fc elementor-widget elementor-widget-html\" data-id=\"73124fc\" data-element_type=\"widget\" data-widget_type=\"html.default\">\n\t\t\t\t<div class=\"elementor-widget-container\">\n\t\t\t<iframe \r\n    src=\"https:\/\/jauniezinatnieki.lv\/wp-content\/uploads\/2026\/01\/2005-2025-LJZA-buklets.pdf\"\r\n    width=\"100%\"\r\n    height=\"600px\"\r\n    style=\"border:none;\">\r\n<\/iframe>\t\t<\/div>\n\t\t\t\t<\/div>\n\t\t\t\t\t<\/div>\n\t\t\t\t<\/div>\n\t\t\t\t<\/div>","protected":false},"excerpt":{"rendered":"<p>Atz\u012bm\u0113jot LJZA 20 gadu jubileju, izveidots informat\u012bvais materi\u0101ls par apvien\u012bbas v\u0113sturi un aktualit\u0101t\u0113m. Informat\u012bvaj\u0101 materi\u0101l\u0101 apkopota inform\u0101cija par noz\u012bm\u012bgiem pas\u0101kumiem, iniciat\u012bv\u0101m un p\u0101rst\u0101vniec\u012bbu LJZA darb\u012bbai tr\u012bs svar\u012bg\u0101s t\u0113m\u0101s: zin\u0101tnes r\u012bc\u012bbpolitika un doktorantu un jauno zin\u0101tnieku intere\u0161u aizst\u0101v\u012bba, profesion\u0101l\u0101 pilnveide un kopienas veido\u0161ana, komunik\u0101cija ar sabiedr\u012bbu par zin\u0101tni. Materi\u0101ls ir veidots, interv\u0113jot vair\u0101kus LJZA vecbiedrus un [&hellip;]<\/p>","protected":false},"author":17,"featured_media":7910,"parent":4462,"menu_order":0,"comment_status":"closed","ping_status":"closed","template":"","meta":{"_acf_changed":false,"footnotes":""},"class_list":["post-8525","page","type-page","status-publish","has-post-thumbnail","hentry"],"acf":[],"_links":{"self":[{"href":"https:\/\/jauniezinatnieki.lv\/en\/wp-json\/wp\/v2\/pages\/8525","targetHints":{"allow":["GET"]}}],"collection":[{"href":"https:\/\/jauniezinatnieki.lv\/en\/wp-json\/wp\/v2\/pages"}],"about":[{"href":"https:\/\/jauniezinatnieki.lv\/en\/wp-json\/wp\/v2\/types\/page"}],"author":[{"embeddable":true,"href":"https:\/\/jauniezinatnieki.lv\/en\/wp-json\/wp\/v2\/users\/17"}],"replies":[{"embeddable":true,"href":"https:\/\/jauniezinatnieki.lv\/en\/wp-json\/wp\/v2\/comments?post=8525"}],"version-history":[{"count":5,"href":"https:\/\/jauniezinatnieki.lv\/en\/wp-json\/wp\/v2\/pages\/8525\/revisions"}],"predecessor-version":[{"id":8534,"href":"https:\/\/jauniezinatnieki.lv\/en\/wp-json\/wp\/v2\/pages\/8525\/revisions\/8534"}],"up":[{"embeddable":true,"href":"https:\/\/jauniezinatnieki.lv\/en\/wp-json\/wp\/v2\/pages\/4462"}],"wp:featuredmedia":[{"embeddable":true,"href":"https:\/\/jauniezinatnieki.lv\/en\/wp-json\/wp\/v2\/media\/7910"}],"wp:attachment":[{"href":"https:\/\/jauniezinatnieki.lv\/en\/wp-json\/wp\/v2\/media?parent=8525"}],"curies":[{"name":"wp","href":"https:\/\/api.w.org\/{rel}","templated":true}]}}